{"id":1022,"date":"2015-09-07T11:26:14","date_gmt":"2015-09-07T10:26:14","guid":{"rendered":"http:\/\/becoral.eu\/lv\/?page_id=1022"},"modified":"2023-12-25T09:24:28","modified_gmt":"2023-12-25T09:24:28","slug":"kur-un-ka-nopirkt-korallu-kluba-produktus","status":"publish","type":"page","link":"https:\/\/becoral.eu\/lv\/kur-un-ka-nopirkt-korallu-kluba-produktus\/","title":{"rendered":"Kur un k\u0101 nopirkt Coral Club produktus?"},"content":{"rendered":"<p>Coral Club produktus var ieg\u0101d\u0101ties\u00a0Kora\u013c\u013cu Klub\u0101 tirdzniec\u012bbas ofisos (veikalos) vai komp\u0101nijas <strong><a href=\"https:\/\/lv.coral-club.com\/shop\/health\/?REF_CODE=770716361956&amp;language=lv\" rel=\"nofollow\">ofici\u0101laj\u0101 interneta veikal\u0101 .<\/a><\/strong><\/p>\n<p>Lai ieg\u0101d\u0101tos\u00a0produktus tirdzniec\u012bbas ofisos, nav nepiecie\u0161ams re\u0123istr\u0113ties, tom\u0113r k\u013c\u016bstot par\u00a0kluba biedru, J\u016bs var\u0113siet ieg\u0101d\u0101ties produktus par <strong>speci\u0101lu kluba cenu \u2212 20 %<\/strong> no mazumtirdzniec\u012bbas cenas\u00a0(interneta veikal\u0101 jau <strong>s\u0101kotn\u0113ji ir nor\u0101d\u012bta cena ar atlaidi<\/strong>, jo tur produktus var nopirkt tikai kluba biedri).<\/p>\n<p>&nbsp;<\/p>\n<h2>K\u0101 k\u013c\u016bt par Coral Club biedru?<\/h2>\n<p>Pirmk\u0101rt, ir nepiecie\u0161ams re\u0123istr\u0113ties un ieg\u016bt kluba numuru\u00a0 <strong><a href=\"https:\/\/lv.coral-club.com\/shop\/health\/?REF_CODE=770716361956&amp;language=lv\" rel=\"nofollow\">ofici\u0101laj\u0101 interneta veikal\u0101 .<\/a><\/strong><\/p>\n<p>P\u0113c kluba numura ieg\u016b\u0161anas J\u016bs var\u0113siet ieg\u0101d\u0101ties produktu gan online veikal\u0101, gan tirdzniec\u012bbas ofisos.<\/p>\n<p>Anket\u0101 Jums nepiecie\u0161ams nor\u0101d\u012bt savu <strong>rekomend\u0113t\u0101ju<\/strong>:<\/p>\n<ul>\n<li>V\u0101rds:<strong> Mia <\/strong><\/li>\n<li>Uzv\u0101rds:<strong>\u00a0<\/strong><strong>Stupele<\/strong><\/li>\n<li>Kluba numurs:\u00a0<strong>3620608<\/strong><\/li>\n<\/ul>\n<p>Tagad Jums ir savs Kluba biedra numurs, kas ir nor\u0101d\u012bts anket\u0101 un J\u016bs esat Coral Club atlai\u017eu programmas dal\u012bbnieku.<\/p>\n<h3>Coral Club veikali Latvij\u0101<\/h3>\n<p>Latvija, 1013, Vidzemes priek\u0161pils\u0113ta, R\u012bga\u00a0 Miera iela 97.<\/p>\n<p>Veikala darba laiks:<\/p>\n<ul>\n<li>Pr-Pk: 10:00 &#8211; 19:00<\/li>\n<li>Sest.-Sv\u00a0 &#8211; br\u012bvdiena<\/li>\n<\/ul>\n<p>Latvija, 1010, Vidzemes priek\u0161pils\u0113ta, R\u012bga, Dzirnavu iela 37.<\/p>\n<ul>\n<li>Pr.-Pk,\u00a0 \u00a010:00 &#8211; 19:00<\/li>\n<li>Sest.\u00a0 11:00 &#8211; 16:00<\/li>\n<li>Sv. br\u012bvdiena<\/li>\n<\/ul>\n<p>&nbsp;<\/p>\n<h2><strong>Nopirkt produktus Online veikal\u0101<\/strong><\/h2>\n<p>Interneta veikal\u0101 produkciju var ieg\u0101d\u0101ties tikai Kora\u013c\u013cu Kluba biedri :<\/p>\n<ul>\n<li>Ja J\u016bs <strong>neesat Kluba biedrs<\/strong>, J\u016bs varat re\u0123istr\u0113jieties \u0161eit <strong><a href=\"https:\/\/lv.coral-club.com\/shop\/health\/?REF_CODE=770716361956&amp;language=lv\" rel=\"nofollow\">ofici\u0101laj\u0101 interneta veikal\u0101 \u00a0<\/a><\/strong>(&#8220;Piesl\u0113gties&#8221; un &#8220;Re\u0123istr\u0101cija&#8221;)<\/li>\n<\/ul>\n<ul>\n<li>Ja J\u016bs <strong>esat Kluba biedrs<\/strong> un v\u0113laties re\u0123istr\u0113ties online veikal\u0101, l\u016bdzu, re\u0123istr\u0113jieties \u0161eit\u00a0 <strong><a href=\"https:\/\/lv.coral-club.com\/shop\/health\/?REF_CODE=770716361956&amp;language=lv\" rel=\"nofollow\">ofici\u0101laj\u0101 interneta veikal\u0101 <\/a><\/strong><\/li>\n<\/ul>\n<p>(&#8220;Piesl\u0113gties&#8221;, &#8220;Visi ieejas veidi&#8221;, &#8220;Konta izveido\u0161ana&#8221;)<\/p>\n<p>Ja J\u016bs v\u0113laties re\u0123istr\u0113ties online, bet nevarat to izdar\u012bt kaut k\u0101du iemeslu d\u0113\u013c, <strong><a href=\"https:\/\/becoral.eu\/lv\/uzdot-jautajumu\/\">sazinieties ar mani<\/a>\u00a0<\/strong>un es Jums pal\u012bdz\u0113\u0161u.<\/p>\n<p>Ja jums ir k\u0101di papildus jaut\u0101jumi, J\u016bs varat <strong><a href=\"https:\/\/becoral.eu\/lv\/uzdot-jautajumu\/\" data-cke-saved-href=\"\/index\/0-3\">man tos uzdot<\/a><\/strong>.<\/p>\n","protected":false},"excerpt":{"rendered":"<p>Coral Club produktus var ieg\u0101d\u0101ties\u00a0Kora\u013c\u013cu Klub\u0101 tirdzniec\u012bbas ofisos (veikalos) vai komp\u0101nijas ofici\u0101laj\u0101 interneta veikal\u0101 . Lai ieg\u0101d\u0101tos\u00a0produktus tirdzniec\u012bbas ofisos, nav nepiecie\u0161ams re\u0123istr\u0113ties, tom\u0113r k\u013c\u016bstot par\u00a0kluba biedru, J\u016bs var\u0113siet ieg\u0101d\u0101ties produktus par speci\u0101lu kluba cenu \u2212 20 % no mazumtirdzniec\u012bbas cenas\u00a0(interneta veikal\u0101 jau s\u0101kotn\u0113ji ir nor\u0101d\u012bta cena ar atlaidi, jo tur produktus var nopirkt tikai kluba [&hellip;]<\/p>\n","protected":false},"author":1,"featured_media":5801,"parent":0,"menu_order":0,"comment_status":"closed","ping_status":"closed","template":"","meta":{"amp_status":"","footnotes":""},"_links":{"self":[{"href":"https:\/\/becoral.eu\/lv\/wp-json\/wp\/v2\/pages\/1022"}],"collection":[{"href":"https:\/\/becoral.eu\/lv\/wp-json\/wp\/v2\/pages"}],"about":[{"href":"https:\/\/becoral.eu\/lv\/wp-json\/wp\/v2\/types\/page"}],"author":[{"embeddable":true,"href":"https:\/\/becoral.eu\/lv\/wp-json\/wp\/v2\/users\/1"}],"replies":[{"embeddable":true,"href":"https:\/\/becoral.eu\/lv\/wp-json\/wp\/v2\/comments?post=1022"}],"version-history":[{"count":14,"href":"https:\/\/becoral.eu\/lv\/wp-json\/wp\/v2\/pages\/1022\/revisions"}],"predecessor-version":[{"id":5841,"href":"https:\/\/becoral.eu\/lv\/wp-json\/wp\/v2\/pages\/1022\/revisions\/5841"}],"wp:featuredmedia":[{"embeddable":true,"href":"https:\/\/becoral.eu\/lv\/wp-json\/wp\/v2\/media\/5801"}],"wp:attachment":[{"href":"https:\/\/becoral.eu\/lv\/wp-json\/wp\/v2\/media?parent=1022"}],"curies":[{"name":"wp","href":"https:\/\/api.w.org\/{rel}","templated":true}]}}