{"id":1551,"date":"2015-09-18T15:46:28","date_gmt":"2015-09-18T15:46:28","guid":{"rendered":"http:\/\/becoral.eu\/lv\/?page_id=1551"},"modified":"2015-10-01T14:53:01","modified_gmt":"2015-10-01T14:53:01","slug":"uzdot-jautajumu","status":"publish","type":"page","link":"https:\/\/becoral.eu\/lv\/uzdot-jautajumu\/","title":{"rendered":"Uzdot jaut\u0101jumu"},"content":{"rendered":"<p>Vai J\u016bs v\u0113laties uzzin\u0101t vair\u0101k par Coral Club? Vai j\u016bs v\u0113laties sazin\u0101ties ar mani, lai ieg\u016btu pla\u0161\u0101ku inform\u0101ciju par produktiem, programm\u0101m vai vienk\u0101r\u0161i atst\u0101t atsauksmi?\u00a0Ar prieku Jums atbild\u0113\u0161u!<\/p>\n<p>Aizpildiet formu un nospiediet &#8220;Nos\u016bt\u012bt&#8221;!<\/p>\n<div role=\"form\" class=\"wpcf7\" id=\"wpcf7-f1558-o1\" lang=\"en-US\" dir=\"ltr\">\n<div class=\"screen-reader-response\"><\/div>\n<form action=\"\/lv\/wp-json\/wp\/v2\/pages\/1551#wpcf7-f1558-o1\" method=\"post\" class=\"wpcf7-form\" novalidate=\"novalidate\">\n<div style=\"display: none;\">\n<input type=\"hidden\" name=\"_wpcf7\" value=\"1558\" \/>\n<input type=\"hidden\" name=\"_wpcf7_version\" value=\"5.0.4\" \/>\n<input type=\"hidden\" name=\"_wpcf7_locale\" value=\"en_US\" \/>\n<input type=\"hidden\" name=\"_wpcf7_unit_tag\" value=\"wpcf7-f1558-o1\" \/>\n<input type=\"hidden\" name=\"_wpcf7_container_post\" value=\"0\" \/>\n<\/div>\n<p>J\u016bsu v\u0101rds:<br \/>\n    <span class=\"wpcf7-form-control-wrap your-name\"><input type=\"text\" name=\"your-name\" value=\"\" size=\"40\" class=\"wpcf7-form-control wpcf7-text wpcf7-validates-as-required\" aria-required=\"true\" aria-invalid=\"false\" \/><\/span> <\/p>\n<p>J\u016bsu e-pasta adrese (oblig\u0101ti!):<br \/>\n    <span class=\"wpcf7-form-control-wrap your-email\"><input type=\"email\" name=\"your-email\" value=\"\" size=\"40\" class=\"wpcf7-form-control wpcf7-text wpcf7-email wpcf7-validates-as-required wpcf7-validates-as-email\" aria-required=\"true\" aria-invalid=\"false\" \/><\/span> <\/p>\n<p>Temats:<br \/>\n    <span class=\"wpcf7-form-control-wrap your-subject\"><input type=\"text\" name=\"your-subject\" value=\"\" size=\"40\" class=\"wpcf7-form-control wpcf7-text\" aria-invalid=\"false\" \/><\/span> <\/p>\n<p>Teksts:<br \/>\n    <span class=\"wpcf7-form-control-wrap your-message\"><textarea name=\"your-message\" cols=\"40\" rows=\"10\" class=\"wpcf7-form-control wpcf7-textarea\" aria-invalid=\"false\"><\/textarea><\/span> <\/p>\n<p><input type=\"submit\" value=\"S\u016bt\u012bt\" class=\"wpcf7-form-control wpcf7-submit\" \/><\/p>\n<div class=\"wpcf7-response-output wpcf7-display-none\"><\/div><\/form><\/div>\n","protected":false},"excerpt":{"rendered":"<p>Vai J\u016bs v\u0113laties uzzin\u0101t vair\u0101k par Coral Club? Vai j\u016bs v\u0113laties sazin\u0101ties ar mani, lai ieg\u016btu pla\u0161\u0101ku inform\u0101ciju par produktiem, programm\u0101m vai vienk\u0101r\u0161i atst\u0101t atsauksmi?\u00a0Ar prieku Jums atbild\u0113\u0161u! Aizpildiet formu un nospiediet &#8220;Nos\u016bt\u012bt&#8221;!<\/p>\n","protected":false},"author":1,"featured_media":1545,"parent":0,"menu_order":0,"comment_status":"closed","ping_status":"closed","template":"","meta":{"amp_status":"","footnotes":""},"_links":{"self":[{"href":"https:\/\/becoral.eu\/lv\/wp-json\/wp\/v2\/pages\/1551"}],"collection":[{"href":"https:\/\/becoral.eu\/lv\/wp-json\/wp\/v2\/pages"}],"about":[{"href":"https:\/\/becoral.eu\/lv\/wp-json\/wp\/v2\/types\/page"}],"author":[{"embeddable":true,"href":"https:\/\/becoral.eu\/lv\/wp-json\/wp\/v2\/users\/1"}],"replies":[{"embeddable":true,"href":"https:\/\/becoral.eu\/lv\/wp-json\/wp\/v2\/comments?post=1551"}],"version-history":[{"count":0,"href":"https:\/\/becoral.eu\/lv\/wp-json\/wp\/v2\/pages\/1551\/revisions"}],"wp:featuredmedia":[{"embeddable":true,"href":"https:\/\/becoral.eu\/lv\/wp-json\/wp\/v2\/media\/1545"}],"wp:attachment":[{"href":"https:\/\/becoral.eu\/lv\/wp-json\/wp\/v2\/media?parent=1551"}],"curies":[{"name":"wp","href":"https:\/\/api.w.org\/{rel}","templated":true}]}}