{"id":1573,"date":"2015-09-21T07:53:14","date_gmt":"2015-09-21T07:53:14","guid":{"rendered":"http:\/\/becoral.eu\/lv\/?page_id=1573"},"modified":"2015-10-01T14:45:32","modified_gmt":"2015-10-01T14:45:32","slug":"par-korallu-klubu","status":"publish","type":"page","link":"https:\/\/becoral.eu\/lv\/par-korallu-klubu\/","title":{"rendered":"Par Coral Club"},"content":{"rendered":"<p>Kop\u0161\u00a01998. gada\u00a0komp\u0101nija \u00abCoral Club\u00bb ir viena no l\u012bderiem vesel\u012bga dz\u012bvesveida produktu ra\u017eo\u0161an\u0101 un p\u0101rdo\u0161an\u0101 tirg\u016b.<\/p>\n<p>Komp\u0101nija ir orient\u0113ta uz inovat\u012bv\u0101m metodik\u0101m un jaun\u0101kaj\u0101m tehnolo\u0123ij\u0101m vesel\u012bga uztura sf\u0113r\u0101 un pied\u0101v\u0101 augstas kvalit\u0101tes produktus, kuri sp\u0113j apmierin\u0101t jebkura organisma vajadz\u012bbas p\u0113c pilnv\u0113rt\u012bga uztura un vesel\u012bgas iek\u0161\u0113j\u0101s vides.<\/p>\n<p>Produktu sortiments nep\u0101rtraukti tiek pilnveidots un papla\u0161in\u0101ts, pateicoties zin\u0101tniski p\u0113tnieciskam darbam, kuru veic zin\u0101tnieki un eksperti no visas pasaules.<\/p>\n<p>Komp\u0101nijas darb\u012bbas pamat\u0101 ir centieni uzlabot dz\u012bves kvalit\u0101ti un saglab\u0101t cilv\u0113ku vesel\u012bbu.\u00a0Komp\u0101nijas\u00a0galven\u0101 priorit\u0101te ir vesel\u012bga dz\u012bvesveida populariz\u0113\u0161ana: no pareiza uztura kult\u016bras l\u012bdz pozit\u012bvas dom\u0101\u0161anas att\u012bst\u012bbai.<\/p>\n<p class=\"video\"><iframe loading=\"lazy\" src=\"https:\/\/www.youtube-nocookie.com\/embed\/b0Ew95pXUeo?cc_load_policy=1&amp;hl=lv&amp;cc_lang_pref=lv&amp;rel=0&amp;controls=0&amp;vq=hd720\" width=\"560\" height=\"315\" frameborder=\"0\" allowfullscreen=\"allowfullscreen\"><\/iframe><\/p>\n<p>Cilv\u0113ka \u0137erme\u0146a un dv\u0113seles skaistums ir Coral Club galvenais m\u0113r\u0137is, p\u0113c kura t\u0101\u00a0tiecas ar daudzveid\u012bgajiem\u00a0produktiem un vesel\u012bga dz\u012bvesveida koncepciju. Coral Club pied\u0101v\u0101\u00a0efekt\u012bvu vesel\u012bbas uztur\u0113\u0161anas un ener\u0123ijas papildin\u0101\u0161anas programmu. \u00a0M\u0113s esam p\u0101rliecin\u0101ti, ka\u00a0tikai s\u0101kot ar sevi var p\u0101rveidot pasauli un piln\u0101 m\u0113r\u0101 izbaud\u012bt t\u0101s bag\u0101t\u012bbu un daudzveid\u012bbu.\u00a0 Cilv\u0113ki, kuri ir izv\u0113l\u0113ju\u0161ies akt\u012bvu un ilgu m\u016b\u017eu, ar prieku dal\u0101s savos atkl\u0101jumos ar citiem. T\u0101d\u0101 veid\u0101 katrs no mums piedal\u0101s harmonijas un skaistuma rad\u012b\u0161an\u0101. T\u0101 m\u0113s redzam savu misiju: <strong>\u00abDar\u012bt pasauli skaistu!\u00bb<\/strong>.<\/p>\n","protected":false},"excerpt":{"rendered":"<p>Kop\u0161\u00a01998. gada\u00a0komp\u0101nija \u00abCoral Club\u00bb ir viena no l\u012bderiem vesel\u012bga dz\u012bvesveida produktu ra\u017eo\u0161an\u0101 un p\u0101rdo\u0161an\u0101 tirg\u016b. Komp\u0101nija ir orient\u0113ta uz inovat\u012bv\u0101m metodik\u0101m un jaun\u0101kaj\u0101m tehnolo\u0123ij\u0101m vesel\u012bga uztura sf\u0113r\u0101 un pied\u0101v\u0101 augstas kvalit\u0101tes produktus, kuri sp\u0113j apmierin\u0101t jebkura organisma vajadz\u012bbas p\u0113c pilnv\u0113rt\u012bga uztura un vesel\u012bgas iek\u0161\u0113j\u0101s vides. Produktu sortiments nep\u0101rtraukti tiek pilnveidots un papla\u0161in\u0101ts, pateicoties zin\u0101tniski p\u0113tnieciskam [&hellip;]<\/p>\n","protected":false},"author":1,"featured_media":1091,"parent":0,"menu_order":0,"comment_status":"closed","ping_status":"closed","template":"","meta":{"amp_status":"","footnotes":""},"_links":{"self":[{"href":"https:\/\/becoral.eu\/lv\/wp-json\/wp\/v2\/pages\/1573"}],"collection":[{"href":"https:\/\/becoral.eu\/lv\/wp-json\/wp\/v2\/pages"}],"about":[{"href":"https:\/\/becoral.eu\/lv\/wp-json\/wp\/v2\/types\/page"}],"author":[{"embeddable":true,"href":"https:\/\/becoral.eu\/lv\/wp-json\/wp\/v2\/users\/1"}],"replies":[{"embeddable":true,"href":"https:\/\/becoral.eu\/lv\/wp-json\/wp\/v2\/comments?post=1573"}],"version-history":[{"count":0,"href":"https:\/\/becoral.eu\/lv\/wp-json\/wp\/v2\/pages\/1573\/revisions"}],"wp:featuredmedia":[{"embeddable":true,"href":"https:\/\/becoral.eu\/lv\/wp-json\/wp\/v2\/media\/1091"}],"wp:attachment":[{"href":"https:\/\/becoral.eu\/lv\/wp-json\/wp\/v2\/media?parent=1573"}],"curies":[{"name":"wp","href":"https:\/\/api.w.org\/{rel}","templated":true}]}}