{"id":1577,"date":"2015-09-21T07:57:04","date_gmt":"2015-09-21T07:57:04","guid":{"rendered":"http:\/\/becoral.eu\/lv\/?page_id=1577"},"modified":"2023-11-28T18:19:53","modified_gmt":"2023-11-28T18:19:53","slug":"par-mani","status":"publish","type":"page","link":"https:\/\/becoral.eu\/lv\/par-mani\/","title":{"rendered":"Par mani"},"content":{"rendered":"<p>Romantiska tik\u0161an\u0101s, k\u0101zas un manas \u0123imenes izveide. Es \u013coti grib\u0113ju b\u0113rni\u0146u un zin\u0101ju, lai b\u0113rns piedzimtu vesels, man pa\u0161ai ir j\u0101b\u016bt veselai.<\/p>\n<p>Ap \u0161o laiku iepazinos ar Coral Club\u00a0un biorezonanses vesel\u012bbas diagnostiku. Izejot diagnostiku k\u013cuva skaidrs ar k\u0101d\u0101m vesel\u012bbas probl\u0113m\u0101m j\u0101tiek gal\u0101, lai gr\u016btniec\u012bba un dzemd\u012bbas norit\u0113tu veiksm\u012bgi. 3 m\u0113ne\u0161u laik\u0101 izg\u0101ju sast\u0101d\u012bto atvese\u013co\u0161an\u0101s progammu un dr\u012bz sapratu, ka m\u0113s jau esam tr\u012bs.<\/p>\n<p>Gr\u016btniec\u012bbas laik\u0101 turpin\u0101ju lietot Coral Club\u00a0prepar\u0101tus, kas pal\u012bdz\u0113ja manam organismam dubultas slodzes re\u017e\u012bm\u0101 un t\u0101d\u0113j\u0101di \u013c\u0101va att\u012bst\u012bties veselam mazulim. Coral Club\u00a0bija ar mums z\u012bd\u012b\u0161anas laik\u0101 un ir joproj\u0101m. Tagad mana meiti\u0146a jau staig\u0101 un s\u0101k run\u0101t un vi\u0146\u0101 lieliski zin Coral Club produktus.<\/p>\n<p>&nbsp;<\/p>\n","protected":false},"excerpt":{"rendered":"<p>Romantiska tik\u0161an\u0101s, k\u0101zas un manas \u0123imenes izveide. Es \u013coti grib\u0113ju b\u0113rni\u0146u un zin\u0101ju, lai b\u0113rns piedzimtu vesels, man pa\u0161ai ir j\u0101b\u016bt veselai. Ap \u0161o laiku iepazinos ar Coral Club\u00a0un biorezonanses vesel\u012bbas diagnostiku. Izejot diagnostiku k\u013cuva skaidrs ar k\u0101d\u0101m vesel\u012bbas probl\u0113m\u0101m j\u0101tiek gal\u0101, lai gr\u016btniec\u012bba un dzemd\u012bbas norit\u0113tu veiksm\u012bgi. 3 m\u0113ne\u0161u laik\u0101 izg\u0101ju sast\u0101d\u012bto atvese\u013co\u0161an\u0101s progammu [&hellip;]<\/p>\n","protected":false},"author":1,"featured_media":1030,"parent":0,"menu_order":0,"comment_status":"closed","ping_status":"closed","template":"","meta":{"amp_status":"","footnotes":""},"_links":{"self":[{"href":"https:\/\/becoral.eu\/lv\/wp-json\/wp\/v2\/pages\/1577"}],"collection":[{"href":"https:\/\/becoral.eu\/lv\/wp-json\/wp\/v2\/pages"}],"about":[{"href":"https:\/\/becoral.eu\/lv\/wp-json\/wp\/v2\/types\/page"}],"author":[{"embeddable":true,"href":"https:\/\/becoral.eu\/lv\/wp-json\/wp\/v2\/users\/1"}],"replies":[{"embeddable":true,"href":"https:\/\/becoral.eu\/lv\/wp-json\/wp\/v2\/comments?post=1577"}],"version-history":[{"count":1,"href":"https:\/\/becoral.eu\/lv\/wp-json\/wp\/v2\/pages\/1577\/revisions"}],"predecessor-version":[{"id":5819,"href":"https:\/\/becoral.eu\/lv\/wp-json\/wp\/v2\/pages\/1577\/revisions\/5819"}],"wp:featuredmedia":[{"embeddable":true,"href":"https:\/\/becoral.eu\/lv\/wp-json\/wp\/v2\/media\/1030"}],"wp:attachment":[{"href":"https:\/\/becoral.eu\/lv\/wp-json\/wp\/v2\/media?parent=1577"}],"curies":[{"name":"wp","href":"https:\/\/api.w.org\/{rel}","templated":true}]}}