{"id":2013,"date":"2015-09-25T14:27:32","date_gmt":"2015-09-25T14:27:32","guid":{"rendered":"http:\/\/becoral.eu\/lv\/?page_id=2013"},"modified":"2015-09-25T14:27:32","modified_gmt":"2015-09-25T14:27:32","slug":"konfidencialitates-politika","status":"publish","type":"page","link":"https:\/\/becoral.eu\/lv\/konfidencialitates-politika\/","title":{"rendered":"Konfidencialit\u0101tes politika"},"content":{"rendered":"<p>M\u0113s augstu v\u0113rt\u0113jam J\u016bsu r\u016bpes par priv\u0101t\u0101s dz\u012bves neaizskaram\u012bbu, t\u0101p\u0113c \u0161\u012bs saist\u012bbas Jums pal\u012bdz\u0113s izprast, k\u0101 un k\u0101p\u0113c tiek izmantota inform\u0101cija, kas ieg\u016bta m\u0101jaslapas lieto\u0161anas laik\u0101. Priv\u0101tumu politika apraksta personas datu apstr\u0101des pamatprincipus.<\/p>\n<h3>Google Analytics<\/h3>\n<p>BeCoral.eu m\u0101jaslapa izmanto Google Analytics, kas pal\u012bdz analiz\u0113t to, k\u0101 apmekl\u0113t\u0101ji lieto m\u0101jaslapu. \u0160is instruments izmanto s\u012bkdatnes \u2013 teksta failus, kas tiek izvietoti J\u016bsu dator\u0101, lai anon\u012bmi sav\u0101ktu inform\u0101ciju par standarta interneta re\u0123istr\u0101ciju un apmekl\u0113t\u0101ju uzved\u012bbu. \u0160\u012b inform\u0101cija un J\u016bsu IP adrese tiek nos\u016bt\u012bta Google.<\/p>\n<p>M\u0113s nekad neizmantosim un ar\u012b ne\u013causim tre\u0161aj\u0101m person\u0101m izmantot \u0161o statistikas anal\u012bzes instrumentu, lai izsekotu un ieg\u016btu konfidenci\u0101lu inform\u0101ciju par m\u016bsu m\u0101jaslapas apmekl\u0113t\u0101jiem. Ne m\u0113s, ne Google nesasaist\u012bs IP adresi ar individu\u0101lo datora lietot\u0101ju un jebk\u0101diem citiem datiem, kas pieejami Google, iz\u0146emot gad\u012bjumus, kad J\u016bs iesniegsiet personas datus m\u016bsu m\u0101jaslapas aizpild\u0101maj\u0101 form\u0101.<\/p>\n<p>Las\u012bt vair\u0101k par\u00a0<a href=\"http:\/\/www.google.com\/intl\/lv\/policies\/privacy\/\" target=\"_blank\">Google Analytics\u00a0konfidencialit\u0101tes politika<\/a>.<\/p>\n<h3>K\u0101 ar mums sazin\u0101ties<\/h3>\n<p>Ja jums ir k\u0101di jaut\u0101jumi, koment\u0101ri un piepras\u012bjumi par \u0161o priv\u0101tuma politiku, l\u016bdzu, <a href=\"https:\/\/becoral.eu\/lv\/uzdot-jautajumu\/\" target=\"_blank\">sazinieties ar mums<\/a>. Tas pats attiecas uz gad\u012bjumiem, ja j\u016bs v\u0113laties piek\u013c\u016bt jebk\u0101dai inform\u0101cijai, ko esam par jums ieguvu\u0161i, izmantojot \u0161o vietni, vai ar\u012b, ja j\u016bs v\u0113laties, lai \u0161\u012b inform\u0101cija tiktu labota, blo\u0137\u0113ta vai izdz\u0113sta.<\/p>\n","protected":false},"excerpt":{"rendered":"<p>M\u0113s augstu v\u0113rt\u0113jam J\u016bsu r\u016bpes par priv\u0101t\u0101s dz\u012bves neaizskaram\u012bbu, t\u0101p\u0113c \u0161\u012bs saist\u012bbas Jums pal\u012bdz\u0113s izprast, k\u0101 un k\u0101p\u0113c tiek izmantota inform\u0101cija, kas ieg\u016bta m\u0101jaslapas lieto\u0161anas laik\u0101. Priv\u0101tumu politika apraksta personas datu apstr\u0101des pamatprincipus. Google Analytics BeCoral.eu m\u0101jaslapa izmanto Google Analytics, kas pal\u012bdz analiz\u0113t to, k\u0101 apmekl\u0113t\u0101ji lieto m\u0101jaslapu. \u0160is instruments izmanto s\u012bkdatnes \u2013 teksta failus, [&hellip;]<\/p>\n","protected":false},"author":1,"featured_media":2011,"parent":0,"menu_order":0,"comment_status":"closed","ping_status":"closed","template":"","meta":{"amp_status":"","footnotes":""},"_links":{"self":[{"href":"https:\/\/becoral.eu\/lv\/wp-json\/wp\/v2\/pages\/2013"}],"collection":[{"href":"https:\/\/becoral.eu\/lv\/wp-json\/wp\/v2\/pages"}],"about":[{"href":"https:\/\/becoral.eu\/lv\/wp-json\/wp\/v2\/types\/page"}],"author":[{"embeddable":true,"href":"https:\/\/becoral.eu\/lv\/wp-json\/wp\/v2\/users\/1"}],"replies":[{"embeddable":true,"href":"https:\/\/becoral.eu\/lv\/wp-json\/wp\/v2\/comments?post=2013"}],"version-history":[{"count":0,"href":"https:\/\/becoral.eu\/lv\/wp-json\/wp\/v2\/pages\/2013\/revisions"}],"wp:featuredmedia":[{"embeddable":true,"href":"https:\/\/becoral.eu\/lv\/wp-json\/wp\/v2\/media\/2011"}],"wp:attachment":[{"href":"https:\/\/becoral.eu\/lv\/wp-json\/wp\/v2\/media?parent=2013"}],"curies":[{"name":"wp","href":"https:\/\/api.w.org\/{rel}","templated":true}]}}