{"id":957,"date":"2015-09-05T15:35:36","date_gmt":"2015-09-05T15:35:36","guid":{"rendered":"http:\/\/becoral.eu\/lv\/?page_id=957"},"modified":"2015-10-08T09:03:47","modified_gmt":"2015-10-08T09:03:47","slug":"glavnaya","status":"publish","type":"page","link":"https:\/\/becoral.eu\/lv\/","title":{"rendered":"Galven\u0101"},"content":{"rendered":"<h1>M\u0113s d\u0101vin\u0101m \u0161o m\u0101jas lapu savai meiti\u0146ai!<\/h1>\n<p>M\u016bsu mazul\u012bte izaugs liela, bet m\u0113s jau \u0161obr\u012bd dom\u0101jam par vi\u0146as n\u0101kotni un bag\u0101\u017eu, ar k\u0101du vi\u0146a so\u013cas pa pieaugu\u0161o dz\u012bvi.\u00a0Lai ietu savu ce\u013cu priec\u012bgi, vi\u0146ai ir j\u0101b\u016bt veselai, akt\u012bvai un ener\u0123ijas pilnai. M\u0113s vi\u0146u gaid\u012bj\u0101m un gatavoj\u0101mies vi\u0146as atn\u0101k\u0161anai. Es k\u0101 mamma sagatavoju vi\u0146ai pa\u0161u t\u012br\u0101ko un dro\u0161\u0101ko vietu uz 9 m\u0113ne\u0161iem. Kop\u0101 m\u0113s dz\u0113r\u0101m t\u012bru \u016bdeni, \u0113d\u0101m svaigus d\u0101rze\u0146us un aug\u013cus. Uz\u0146\u0113m\u0101m vajadz\u012bgos vitam\u012bnus, aminosk\u0101bes un probioti\u0137us.\u00a0T\u0101d\u0113\u013c p\u0113c 9 m\u0113ne\u0161iem tie\u0161i \u0101rsta noteiktaj\u0101 termi\u0146\u0101 piedzima m\u016bsu mazais br\u012bnums, piln\u012bgi vesela un pati m\u012b\u013c\u0101k\u0101 meiten\u012bte pasaul\u0113. Mans sapnis piepild\u012bj\u0101s, jo katra vec\u0101ka kv\u0113l\u0101k\u0101 v\u0113l\u0113\u0161\u0101n\u0101s ir, lai vi\u0146a b\u0113rni b\u016btu veseli.<\/p>\n<h2>Es nov\u0113lu visiem b\u0113rniem b\u016bt veseliem un m\u012bl\u0113tiem!<\/h2>\n<p>M\u016bsu katra sp\u0113kos ir nodro\u0161in\u0101t saviem b\u0113rniem visu nepiecie\u0161amo vi\u0146u att\u012bst\u012bbai. Diem\u017e\u0113l m\u0113s dz\u012bvoj\u0101m pasaul\u0113, kas nav ide\u0101la. Produkti, ko m\u0113s lietojam uztur\u0101 bie\u017ei ir \u0137\u012bmiski apstr\u0101d\u0101ti, \u016bdens ir\u00a0pies\u0101r\u0146ots. T\u0101da saj\u016bta, ka apk\u0101rt\u0113ja pasaule laiku pa laikam cen\u0161as mums uzbrukt.\u00a0Man neizprotamu iemeslu d\u0113\u013c ar\u012b\u00a0medic\u012bnas interes\u0113s ne vienm\u0113r ir\u00a0veseli pacienti. Tie\u0161i t\u0101p\u0113c mums ir j\u0101uz\u0146emas atbild\u012bba par to, lai m\u016bsu atvases b\u016btu veselas.<\/p>\n","protected":false},"excerpt":{"rendered":"<p>M\u0113s d\u0101vin\u0101m \u0161o m\u0101jas lapu savai meiti\u0146ai! M\u016bsu mazul\u012bte izaugs liela, bet m\u0113s jau \u0161obr\u012bd dom\u0101jam par vi\u0146as n\u0101kotni un bag\u0101\u017eu, ar k\u0101du vi\u0146a so\u013cas pa pieaugu\u0161o dz\u012bvi.\u00a0Lai ietu savu ce\u013cu priec\u012bgi, vi\u0146ai ir j\u0101b\u016bt veselai, akt\u012bvai un ener\u0123ijas pilnai. M\u0113s vi\u0146u gaid\u012bj\u0101m un gatavoj\u0101mies vi\u0146as atn\u0101k\u0161anai. Es k\u0101 mamma sagatavoju vi\u0146ai pa\u0161u t\u012br\u0101ko un [&hellip;]<\/p>\n","protected":false},"author":1,"featured_media":0,"parent":0,"menu_order":0,"comment_status":"open","ping_status":"open","template":"homepage.php","meta":{"amp_status":"","footnotes":""},"_links":{"self":[{"href":"https:\/\/becoral.eu\/lv\/wp-json\/wp\/v2\/pages\/957"}],"collection":[{"href":"https:\/\/becoral.eu\/lv\/wp-json\/wp\/v2\/pages"}],"about":[{"href":"https:\/\/becoral.eu\/lv\/wp-json\/wp\/v2\/types\/page"}],"author":[{"embeddable":true,"href":"https:\/\/becoral.eu\/lv\/wp-json\/wp\/v2\/users\/1"}],"replies":[{"embeddable":true,"href":"https:\/\/becoral.eu\/lv\/wp-json\/wp\/v2\/comments?post=957"}],"version-history":[{"count":0,"href":"https:\/\/becoral.eu\/lv\/wp-json\/wp\/v2\/pages\/957\/revisions"}],"wp:attachment":[{"href":"https:\/\/becoral.eu\/lv\/wp-json\/wp\/v2\/media?parent=957"}],"curies":[{"name":"wp","href":"https:\/\/api.w.org\/{rel}","templated":true}]}}